{"id":258,"date":"2019-08-12T15:13:09","date_gmt":"2019-08-12T13:13:09","guid":{"rendered":"http:\/\/lacoursdesgrands29.fr\/?page_id=258"},"modified":"2025-08-19T20:05:23","modified_gmt":"2025-08-19T18:05:23","slug":"un-lieu-a-decouvrir","status":"publish","type":"page","link":"https:\/\/lacourdesgrands29.fr\/?page_id=258","title":{"rendered":"Un lieu \u00e0 d\u00e9couvrir"},"content":{"rendered":"<p>[et_pb_section fb_built=\u00a0\u00bb1&Prime; _builder_version=\u00a0\u00bb4.16&Prime; background_image=\u00a0\u00bbhttp:\/\/lacoursdesgrands29.fr\/wp-content\/uploads\/2019\/07\/20190711_140318.jpg\u00a0\u00bb custom_padding=\u00a0\u00bb||285px|||\u00a0\u00bb global_colors_info=\u00a0\u00bb{}\u00a0\u00bb][\/et_pb_section][et_pb_section fb_built=\u00a0\u00bb1&Prime; _builder_version=\u00a0\u00bb4.16&Prime; custom_padding=\u00a0\u00bb40px||1px|||\u00a0\u00bb global_colors_info=\u00a0\u00bb{}\u00a0\u00bb][et_pb_row _builder_version=\u00a0\u00bb4.16&Prime; global_colors_info=\u00a0\u00bb{}\u00a0\u00bb][et_pb_column type=\u00a0\u00bb4_4&Prime; _builder_version=\u00a0\u00bb4.16&Prime; global_colors_info=\u00a0\u00bb{}\u00a0\u00bb][et_pb_text admin_label=\u00a0\u00bbTittle\u00a0\u00bb _builder_version=\u00a0\u00bb4.16&Prime; text_font=\u00a0\u00bb||||||||\u00a0\u00bb header_font=\u00a0\u00bb||||||||\u00a0\u00bb header_2_font=\u00a0\u00bbOswald|||on|||||\u00a0\u00bb header_2_text_align=\u00a0\u00bbcenter\u00a0\u00bb header_2_font_size=\u00a0\u00bb40px\u00a0\u00bb header_2_letter_spacing=\u00a0\u00bb1px\u00a0\u00bb header_2_line_height=\u00a0\u00bb1.5em\u00a0\u00bb max_width=\u00a0\u00bb600px\u00a0\u00bb module_alignment=\u00a0\u00bbcenter\u00a0\u00bb locked=\u00a0\u00bboff\u00a0\u00bb global_colors_info=\u00a0\u00bb{}\u00a0\u00bb]<\/p>\n<h2>Des espaces cr\u00e9\u00e9s pour vous<\/h2>\n<p>[\/et_pb_text][\/et_pb_column][\/et_pb_row][\/et_pb_section][et_pb_section fb_built=\u00a0\u00bb1&Prime; _builder_version=\u00a0\u00bb4.16&Prime; custom_margin=\u00a0\u00bb-15px|||||\u00a0\u00bb global_colors_info=\u00a0\u00bb{}\u00a0\u00bb][et_pb_row column_structure=\u00a0\u00bb1_2,1_2&Prime; use_custom_gutter=\u00a0\u00bbon\u00a0\u00bb _builder_version=\u00a0\u00bb4.16&Prime; global_colors_info=\u00a0\u00bb{}\u00a0\u00bb][et_pb_column type=\u00a0\u00bb1_2&Prime; _builder_version=\u00a0\u00bb4.16&Prime; global_colors_info=\u00a0\u00bb{}\u00a0\u00bb][et_pb_image src=\u00a0\u00bbhttps:\/\/lacourdesgrands29.fr\/wp-content\/uploads\/2025\/08\/7A2A4085-min.jpg\u00a0\u00bb title_text=\u00a0\u00bb7A2A4085-min\u00a0\u00bb _builder_version=\u00a0\u00bb4.27.4&Prime; global_colors_info=\u00a0\u00bb{}\u00a0\u00bb][\/et_pb_image][\/et_pb_column][et_pb_column type=\u00a0\u00bb1_2&Prime; _builder_version=\u00a0\u00bb4.16&Prime; global_colors_info=\u00a0\u00bb{}\u00a0\u00bb][et_pb_text _builder_version=\u00a0\u00bb4.16&Prime; global_colors_info=\u00a0\u00bb{}\u00a0\u00bb]<\/p>\n<h2><span><strong>La salle de r\u00e9ception<\/strong><\/span><\/h2>\n<p>&nbsp;<\/p>\n<blockquote>\n<p><span style=\"font-size: large;\">Sobre et \u00e9l\u00e9gante, la salle de r\u00e9ception\u00a0peut \u00eatre agenc\u00e9e selon vos envies.\u00a0D&rsquo;une belle surface, elle permet de\u00a0recevoir confortablement \u00e0 table 120 personnes.\u00a0Nous mettons \u00e0 votre disposition des tables rondes et rectangulaires ainsi que 120 chaises Napol\u00e9on blanches.\u00a0<\/span><span style=\"font-size: large;\">De plus, cet espace est climatis\u00e9.\u00a0<\/span><\/p>\n<\/blockquote>\n<p>[\/et_pb_text][\/et_pb_column][\/et_pb_row][et_pb_row column_structure=\u00a0\u00bb1_2,1_2&Prime; use_custom_gutter=\u00a0\u00bbon\u00a0\u00bb _builder_version=\u00a0\u00bb4.16&Prime; global_colors_info=\u00a0\u00bb{}\u00a0\u00bb][et_pb_column type=\u00a0\u00bb1_2&Prime; _builder_version=\u00a0\u00bb4.16&Prime; global_colors_info=\u00a0\u00bb{}\u00a0\u00bb][et_pb_text _builder_version=\u00a0\u00bb4.16&Prime; global_colors_info=\u00a0\u00bb{}\u00a0\u00bb]<\/p>\n<p>&nbsp;<\/p>\n<h2><span><strong>La salle de cocktail<\/strong><\/span><\/h2>\n<p><span>\u00a0<\/span><\/p>\n<blockquote>\n<p><span style=\"font-size: large;\">D&rsquo;une surface de 145 m\u00b2, la salle de\u00a0cocktail attenante \u00e0 la salle de r\u00e9ception,\u00a0peut accueillir jusqu&rsquo;\u00e0 150 personnes.\u00a0Lumineux, cet espace vous propose un endroit\u00a0chaleureux et atypique.<\/span><\/p>\n<\/blockquote>\n<p>[\/et_pb_text][\/et_pb_column][et_pb_column type=\u00a0\u00bb1_2&Prime; _builder_version=\u00a0\u00bb4.16&Prime; global_colors_info=\u00a0\u00bb{}\u00a0\u00bb][et_pb_image src=\u00a0\u00bbhttps:\/\/lacourdesgrands29.fr\/wp-content\/uploads\/2022\/01\/6-bis-min-scaled.jpg\u00a0\u00bb title_text=\u00a0\u00bb6 bis-min\u00a0\u00bb _builder_version=\u00a0\u00bb4.27.4&Prime; hover_enabled=\u00a0\u00bb0&Prime; global_colors_info=\u00a0\u00bb{}\u00a0\u00bb sticky_enabled=\u00a0\u00bb0&Prime;][\/et_pb_image][\/et_pb_column][\/et_pb_row][et_pb_row column_structure=\u00a0\u00bb1_2,1_2&Prime; use_custom_gutter=\u00a0\u00bbon\u00a0\u00bb _builder_version=\u00a0\u00bb4.16&Prime; global_colors_info=\u00a0\u00bb{}\u00a0\u00bb][et_pb_column type=\u00a0\u00bb1_2&Prime; _builder_version=\u00a0\u00bb4.16&Prime; global_colors_info=\u00a0\u00bb{}\u00a0\u00bb][et_pb_image src=\u00a0\u00bbhttp:\/\/lacoursdesgrands29.fr\/wp-content\/uploads\/2019\/07\/20190711_140318.jpg\u00a0\u00bb _builder_version=\u00a0\u00bb4.16&Prime; global_colors_info=\u00a0\u00bb{}\u00a0\u00bb][\/et_pb_image][\/et_pb_column][et_pb_column type=\u00a0\u00bb1_2&Prime; _builder_version=\u00a0\u00bb4.16&Prime; global_colors_info=\u00a0\u00bb{}\u00a0\u00bb][et_pb_text _builder_version=\u00a0\u00bb4.16&Prime; global_colors_info=\u00a0\u00bb{}\u00a0\u00bb]<\/p>\n<h2><span><strong>La cour<\/strong><\/span><\/h2>\n<p>&nbsp;<\/p>\n<blockquote>\n<p><span style=\"font-size: large;\">La cour est le premier lieu d&rsquo;accueil,\u00a0id\u00e9ale pour y dresser un cocktail,\u00a0salons de jardin en fer forg\u00e9 et parasols\u00a0 vous\u00a0offre un cadre convivial et confortable.<br \/><\/span><\/p>\n<\/blockquote>\n<p>&nbsp;<\/p>\n<p>[\/et_pb_text][\/et_pb_column][\/et_pb_row][\/et_pb_section][et_pb_section fb_built=\u00a0\u00bb1&Prime; _builder_version=\u00a0\u00bb4.16&Prime; custom_padding=\u00a0\u00bb40px|||||\u00a0\u00bb global_colors_info=\u00a0\u00bb{}\u00a0\u00bb][et_pb_row column_structure=\u00a0\u00bb1_4,1_4,1_4,1_4&Prime; use_custom_gutter=\u00a0\u00bbon\u00a0\u00bb gutter_width=\u00a0\u00bb4&Prime; _builder_version=\u00a0\u00bb4.16&Prime; width=\u00a0\u00bb94%\u00a0\u00bb max_width=\u00a0\u00bb1565px\u00a0\u00bb global_colors_info=\u00a0\u00bb{}\u00a0\u00bb][et_pb_column type=\u00a0\u00bb1_4&Prime; _builder_version=\u00a0\u00bb4.16&Prime; global_colors_info=\u00a0\u00bb{}\u00a0\u00bb][et_pb_image src=\u00a0\u00bbhttp:\/\/lacoursdesgrands29.fr\/wp-content\/uploads\/2019\/07\/Capture-d\u2019e\u0301cran-2019-07-08-a\u0300-09.24.09.png\u00a0\u00bb _builder_version=\u00a0\u00bb4.16&Prime; global_colors_info=\u00a0\u00bb{}\u00a0\u00bb][\/et_pb_image][\/et_pb_column][et_pb_column type=\u00a0\u00bb1_4&Prime; _builder_version=\u00a0\u00bb4.16&Prime; global_colors_info=\u00a0\u00bb{}\u00a0\u00bb][et_pb_text _builder_version=\u00a0\u00bb4.16&Prime; global_colors_info=\u00a0\u00bb{}\u00a0\u00bb]<\/p>\n<p><span style=\"color: rgba(102, 13, 13, 0.93);\"><strong>L&rsquo;espace enfants<\/strong><span style=\"font-size: 14px;\">\u00a0<\/span><\/span><\/p>\n<p>Vous propose une chambre pour les plus jeunes et\u00a0<span style=\"font-size: 14px;\">un salon avec jeux de soci\u00e9t\u00e9, babyfoot et \u00e9cran pour visionner des DVD.\u00a0<\/span><span style=\"font-size: 14px;\">L&rsquo;utilisation de cet espace se fera sous la surveillance d&rsquo;une baby-sitter de votre choix.<\/span><\/p>\n<p>[\/et_pb_text][\/et_pb_column][et_pb_column type=\u00a0\u00bb1_4&Prime; _builder_version=\u00a0\u00bb4.16&Prime; global_colors_info=\u00a0\u00bb{}\u00a0\u00bb][et_pb_image src=\u00a0\u00bbhttp:\/\/lacoursdesgrands29.fr\/wp-content\/uploads\/2019\/07\/20190710_163736.jpg\u00a0\u00bb _builder_version=\u00a0\u00bb4.16&Prime; global_colors_info=\u00a0\u00bb{}\u00a0\u00bb][\/et_pb_image][\/et_pb_column][et_pb_column type=\u00a0\u00bb1_4&Prime; _builder_version=\u00a0\u00bb4.16&Prime; global_colors_info=\u00a0\u00bb{}\u00a0\u00bb][et_pb_text _builder_version=\u00a0\u00bb4.16&Prime; global_colors_info=\u00a0\u00bb{}\u00a0\u00bb]<\/p>\n<p><span style=\"color: rgba(102, 13, 13, 0.93);\"><strong>L&rsquo;espace traiteur<\/strong><span style=\"font-size: 14px;\">\u00a0<\/span><\/span><\/p>\n<p>D&rsquo;une surface de 28 m\u00b2 est \u00e0 la disposition du traiteur que vous aurez choisi.<\/p>\n<p>[\/et_pb_text][\/et_pb_column][\/et_pb_row][et_pb_row _builder_version=\u00a0\u00bb4.16&Prime; global_colors_info=\u00a0\u00bb{}\u00a0\u00bb][et_pb_column type=\u00a0\u00bb4_4&Prime; _builder_version=\u00a0\u00bb4.16&Prime; global_colors_info=\u00a0\u00bb{}\u00a0\u00bb][et_pb_text _builder_version=\u00a0\u00bb4.16&Prime; global_colors_info=\u00a0\u00bb{}\u00a0\u00bb]<\/p>\n<p style=\"text-align: center;\"><span>Le\u00a0 parking se situe \u00e0 l&rsquo;int\u00e9rieur de la propri\u00e9t\u00e9.<\/span><\/p>\n<p style=\"text-align: center;\"><span>Le site est conforme aux normes d&rsquo;accessibilit\u00e9 aux personnes handicap\u00e9es.<\/span><\/p>\n<p>[\/et_pb_text][\/et_pb_column][\/et_pb_row][\/et_pb_section]<\/p>\n","protected":false},"excerpt":{"rendered":"<p>Des espaces cr\u00e9\u00e9s pour vousLa salle de r\u00e9ception &nbsp; Sobre et \u00e9l\u00e9gante, la salle de r\u00e9ception\u00a0peut \u00eatre agenc\u00e9e selon vos envies.\u00a0D&rsquo;une belle surface, elle permet de\u00a0recevoir confortablement \u00e0 table 120 personnes.\u00a0Nous mettons \u00e0 votre disposition des tables rondes et rectangulaires ainsi que 120 chaises Napol\u00e9on blanches.\u00a0De plus, cet espace est climatis\u00e9.\u00a0 &nbsp; La salle de [&hellip;]<\/p>\n","protected":false},"author":1,"featured_media":0,"parent":0,"menu_order":0,"comment_status":"closed","ping_status":"closed","template":"","meta":{"_et_pb_use_builder":"on","_et_pb_old_content":"","_et_gb_content_width":"","footnotes":""},"class_list":["post-258","page","type-page","status-publish","hentry"],"_links":{"self":[{"href":"https:\/\/lacourdesgrands29.fr\/index.php?rest_route=\/wp\/v2\/pages\/258","targetHints":{"allow":["GET"]}}],"collection":[{"href":"https:\/\/lacourdesgrands29.fr\/index.php?rest_route=\/wp\/v2\/pages"}],"about":[{"href":"https:\/\/lacourdesgrands29.fr\/index.php?rest_route=\/wp\/v2\/types\/page"}],"author":[{"embeddable":true,"href":"https:\/\/lacourdesgrands29.fr\/index.php?rest_route=\/wp\/v2\/users\/1"}],"replies":[{"embeddable":true,"href":"https:\/\/lacourdesgrands29.fr\/index.php?rest_route=%2Fwp%2Fv2%2Fcomments&post=258"}],"version-history":[{"count":25,"href":"https:\/\/lacourdesgrands29.fr\/index.php?rest_route=\/wp\/v2\/pages\/258\/revisions"}],"predecessor-version":[{"id":583,"href":"https:\/\/lacourdesgrands29.fr\/index.php?rest_route=\/wp\/v2\/pages\/258\/revisions\/583"}],"wp:attachment":[{"href":"https:\/\/lacourdesgrands29.fr\/index.php?rest_route=%2Fwp%2Fv2%2Fmedia&parent=258"}],"curies":[{"name":"wp","href":"https:\/\/api.w.org\/{rel}","templated":true}]}}