{"id":150,"date":"2019-07-08T14:50:09","date_gmt":"2019-07-08T12:50:09","guid":{"rendered":"http:\/\/lacoursdesgrands29.fr\/?page_id=150"},"modified":"2019-07-08T14:50:10","modified_gmt":"2019-07-08T12:50:10","slug":"politique-de-cookies","status":"publish","type":"page","link":"https:\/\/lacourdesgrands29.fr\/?page_id=150","title":{"rendered":"Politique de cookies"},"content":{"rendered":"\n<h1 class=\"wp-block-heading\" id=\"politiques-des-cookies\">Politiques des cookies<\/h1>\n\n\n\n<p>Par la pr\u00e9sente politique des cookies, l\u2019op\u00e9rateur du site informe les visiteurs du site de l&rsquo;utilisation faite des cookies ou des technologies de stockage similaires (ci-apr\u00e8s \u00ab\u00a0cookies\u00a0\u00bb) mises en place sur ce site (ci-apr\u00e8s \u00ab\u00a0site web\u00a0\u00bb).<\/p>\n\n\n\n<h2 class=\"wp-block-heading\" id=\"que-sont-les-cookies\">Que sont les cookies?<\/h2>\n\n\n\n<p>Les cookies sont des petits fichiers texte qui sont stock\u00e9s par votre navigateur sur votre ordinateur ou support mobile pour enregistrer certaines informations ou fichiers d\u2019images, tels que les pixels. La prochaine fois que vous visiterez notre site web sur le m\u00eame dispositif, les informations enregistr\u00e9es dans les cookies seront transmises en cons\u00e9quence soit \u00e0 notre site web (\u00ab\u00a0cookie de premi\u00e8re partie\u00a0\u00bb), soit \u00e0 un autre site web auquel le cookie appartient (\u00ab\u00a0cookie de tiers\u00a0\u00bb).<\/p>\n\n\n\n<p>Gr\u00e2ce \u00e0 cet \u00e9change d\u2019informations enregistr\u00e9es lors de vos diff\u00e9rents passages sur le site web en question, il reconna\u00eet que vous utilisez les m\u00eames navigateur et dispositif. Nous utilisons ces informations pour pouvoir concevoir et afficher le site web de mani\u00e8re optimale et en fonction de vos pr\u00e9f\u00e9rences.<\/p>\n\n\n\n<p>En cons\u00e9quence, seul le cookie lui-m\u00eame est identifi\u00e9 sur votre appareil. Vos donn\u00e9es personnelles seront enregistr\u00e9es qu&rsquo;avec votre consentement expr\u00e8s ou si cela est strictement n\u00e9cessaire pour pouvoir utiliser le service qui vous est offert et donc auquel vous avez acc\u00e8s.<\/p>\n\n\n\n<h2 class=\"wp-block-heading\" id=\"consentement-de-l-utilisation-des-cookies\">Consentement de l\u2019utilisation des cookies<\/h2>\n\n\n\n<p>Les cookies qui ne sont pas absolument n\u00e9cessaires pour rendre les services disponibles sur notre site web ne sont utilis\u00e9s que lorsque nous recevons votre consentement. D\u00e8s que vous continuez \u00e0 utiliser activement notre site web apr\u00e8s l&rsquo;affichage de la banni\u00e8re de cookies, vous consentez \u00e0 l&rsquo;utilisation de ces derniers.<\/p>\n\n\n\n<p>Vous pouvez bien s\u00fbr personnaliser les&nbsp;<a href=\"https:\/\/www.lacourdesgrands29.fr\/j\/cookies\/settings\">param\u00e8tres des cookies<\/a>&nbsp;\u00e0 tout moment, par exemple en activant ou d\u00e9sactivant certaines cat\u00e9gories de cookies.<\/p>\n\n\n\n<p>Pour savoir comment d\u00e9sactiver ou supprimer les cookies en g\u00e9n\u00e9ral (y compris les cookies n\u00e9cessaires) dans votre navigateur, reportez-vous au point \u201cD\u00e9sactivation et suppression de tous les cookies\u201d de la pr\u00e9sente Politique des cookies.<\/p>\n\n\n\n<h2 class=\"wp-block-heading\" id=\"les-cat\u00e9gories-de-cookies\">Les cat\u00e9gories de cookies<\/h2>\n\n\n\n<p>Nous classons les cookies diff\u00e9rement en fonction de leur finalit\u00e9 et de leur fonction:<\/p>\n\n\n\n<ul class=\"wp-block-list\"><li>Cookies strictement n\u00e9cessaires;<\/li><li>Cookies fonctionnels;<\/li><li>Cookies de performance;<\/li><li>Cookie marketing \/ cookie de tiers \/ cookies soumis au consentement<\/li><\/ul>\n\n\n\n<h3 class=\"wp-block-heading\" id=\"cookies-strictement-n\u00e9cessaires\">Cookies strictement n\u00e9cessaires<\/h3>\n\n\n\n<p>Le fonctionnement de nos sites Internet est garanti par l\u2019utilisation de certains cookies que l\u2019on appelle en cons\u00e9quence les cookies strictement n\u00e9cessaires. Ils sont utilis\u00e9s exclusivement par notre syst\u00e8me et sont des \u201ccookies de premi\u00e8re partie\u201d. Toutes les informations recueillies par ces cookies sont envoy\u00e9es \u00e0 notre site web uniquement.<\/p>\n\n\n\n<p>Les cookies strictement n\u00e9cessaires suivants sont utilis\u00e9s sur notre site Web:<\/p>\n\n\n\n<table class=\"wp-block-table\"><thead><tr><th>Nom<\/th><th>Description \/ Fonction<\/th><th>Dur\u00e9e<\/th><\/tr><\/thead><tbody><tr><td>ckies_functional<\/td><td>D\u00e9sactivation des cookies fonctionnels<\/td><td>1 an<\/td><\/tr><tr><td>ckies_performance<\/td><td>D\u00e9sactivation des cookies de performance<\/td><td>1 an<\/td><\/tr><tr><td>ckies_marketing<\/td><td>D\u00e9sactivation des cookies de marketing\/de tiers\/sous r\u00e9serve d\u2019approbation<\/td><td>1 an<\/td><\/tr><\/tbody><\/table>\n\n\n\n<p>Votre consentement n\u2019est pas requis pour ces cookies. Il n\u2019est donc pas possible de les activer ou d\u00e9sactiver individuellement. Vous pouvez le faire pour les cookies n\u00e9cessitant votre consentement uniquement, c\u2019est \u00e0 dire les cookies fonctionnels, de performance et marketing. Vous pourrez \u00e0 tout moment d\u00e9sactiver les cookies depuis votre navigateur (voir point \u201cD\u00e9sactivation et suppression de tous les cookies\u201d).<\/p>\n\n\n\n<p>La base l\u00e9gale sur laquelle repose l&rsquo;utilisation de ces cookies de premi\u00e8re partie est notre int\u00e9r\u00eat l\u00e9gitime pour l&rsquo;analyse, l&rsquo;optimisation et le fonctionnement rentable de notre site web et de nos services au sens de l&rsquo;art. 6 (1) (f) PIBR.<\/p>\n\n\n\n<h3 class=\"wp-block-heading\" id=\"cookies-fonctionnels\">Cookies fonctionnels<\/h3>\n\n\n\n<p>Les cookies fonctionnels permettent de collecter des informations que vous avez d\u00e9j\u00e0 fournies. Nous les utilisons pour vous proposer de meilleures fonctionnalit\u00e9s, davantage personnalis\u00e9es. Ces cookies rassemblent des informations de mani\u00e8re anonyme uniquement et ne peuvent donc servir \u00e0 suivre vos mouvements sur d\u2019autres sites.<\/p>\n\n\n\n<p>Nous utilisons les cookies fonctionnels suivants sur notre site:<\/p>\n\n\n\n<table class=\"wp-block-table\"><thead><tr><th>Nom<\/th><th>Description \/ Fonction<\/th><th>Dur\u00e9e<\/th><\/tr><\/thead><tbody><tr><td>cookielaw<\/td><td>Cookie permettant de cacher la banni\u00e8re d\u2019information sur les cookies une fois accept\u00e9e.<\/td><td>1 an<\/td><\/tr><tr><td>shd<\/td><td>Permite identificar al usuario en su siguiente visita<\/td><td>1 an<\/td><\/tr><tr><td>has_close_teaser<\/td><td>Permet d\u2019\u00e9viter la r\u00e9apparition d\u2019une fen\u00eatre de notification une fois ferm\u00e9e par l\u2019utilisateur.<\/td><td>Session<\/td><\/tr><\/tbody><\/table>\n\n\n\n<p>Vous pouvez \u00e0 tout moment choisir de ne pas utiliser les cookies fonctionnels en ajustant en cons\u00e9quence les&nbsp;<a href=\"https:\/\/www.lacourdesgrands29.fr\/j\/cookies\/settings\">param\u00e8tres de vos cookies<\/a>.<\/p>\n\n\n\n<p>L&rsquo;utilisation des cookies fonctionnels se base juridiquement sur un int\u00e9r\u00eat l\u00e9gitime d&rsquo;analyse, d\u2019optimisation et de fonctionnement rentable de ce site web et services au sens de l&rsquo;article 6 (1) (f) du RGPD.<\/p>\n\n\n\n<h3 class=\"wp-block-heading\" id=\"cookies-de-performance\">Cookies de performance<\/h3>\n\n\n\n<p>Les cookies de performance recueillent des informations sur l&rsquo;utilisation de nos sites web afin d&rsquo;am\u00e9liorer leur attractivit\u00e9, leur contenu et leur fonctionnalit\u00e9. Ces cookies nous aident, par exemple, \u00e0 d\u00e9terminer quelles pages secondaires de notre site sont visit\u00e9es et quel type de contenu int\u00e9resse nos utilisateurs. Nous enregistrons le nombre de visites effectu\u00e9es sur chacune de nos pages, le nombre de sous-pages consult\u00e9es, le temps pass\u00e9 sur notre site web, l&rsquo;ordre des pages visit\u00e9es, les termes de recherche utilis\u00e9s pour trouver notre site, le pays, la r\u00e9gion et, le cas \u00e9ch\u00e9ant, la ville depuis laquelle l&rsquo;acc\u00e8s est effectu\u00e9. Nous collectons \u00e9galement les informations de type mouvements, clics et d\u00e9filement effectu\u00e9s avec la souris de l\u2019ordinateur pour comprendre quelles zones de notre site web pr\u00e9sentent un int\u00e9r\u00eat particulier pour les utilisateurs. Ainsi, nous pouvons adapter le contenu de notre site web de mani\u00e8re personnalis\u00e9e et adapt\u00e9e aux besoins de nos utilisateurs tout en optimisant notre offre. L&rsquo;adresse IP de votre ordinateur est transmise pour des raisons techniques. Elle est automatiquement anonymis\u00e9e pour ne pas \u00eatre assign\u00e9e \u00e0 l&rsquo;utilisateur de mani\u00e8re individuelle.<\/p>\n\n\n\n<p>L&rsquo;utilisateur du site a \u00e9galement le droit de s&rsquo;opposer au traitement des donn\u00e9es personnelles utilis\u00e9es \u00e0 des fins statistiques conform\u00e9ment \u00e0 l&rsquo;art. 89 paragraphe 1 du RGPD et ce, pour des raisons regardant la situation particuli\u00e8re de l\u2019utilisateur en question. Afin d&rsquo;exercer ses droits et tout particuli\u00e8rement les droits susmentionn\u00e9s, la personne concern\u00e9e peut \u00e0 tout moment nous contacter \u00e0 l&rsquo;adresse de contact indiqu\u00e9e dans les mentions l\u00e9gales et\/ou politique des cookies de ce site.<\/p>\n\n\n\n<p>Les cookies de performance suivants sont utilis\u00e9s sur notre site:<\/p>\n\n\n\n<table class=\"wp-block-table\"><thead><tr><th>Nom<\/th><th>Description \/ Fonction<\/th><th>Dur\u00e9e<\/th><\/tr><\/thead><\/table>\n\n\n\n<p>L\u2019utilisateur du site peut \u00e0 tout moment choisir de ne pas utiliser les cookies de performance en ajustant les&nbsp;<a href=\"https:\/\/www.lacourdesgrands29.fr\/j\/cookies\/settings\">param\u00e8tres de vos cookies<\/a>.<\/p>\n\n\n\n<p>L&rsquo;utilisation de ces cookies de performance se base sur un int\u00e9r\u00eat l\u00e9gitime en mati\u00e8re d&rsquo;analyse, d&rsquo;optimisation et d&rsquo;adaptation de ce site web et de ses services aux int\u00e9r\u00eats et aux besoins des visiteurs, comme pr\u00e9vu par l&rsquo;article 6 (1) (f) du RGPD.<\/p>\n\n\n\n<h3 class=\"wp-block-heading\" id=\"cookie-marketing-cookie-de-tiers-cookies-soumis-au-consentement\">Cookie marketing \/ cookie de tiers \/ cookies soumis au consentement<\/h3>\n\n\n\n<p>Les cookie marketing \/ cookie de tiers \/ cookies soumis au consentement utilis\u00e9s pour recueillir des informations sur les sites web visit\u00e9s par l&rsquo;utilisateur. Cette collecte est faite dans un but publicitaire afin de cr\u00e9er des publicit\u00e9s cibl\u00e9es \u00e0 destination des utilisateurs.<\/p>\n\n\n\n<p>Les cookie marketing \/ cookie de tiers \/ cookies soumis au consentement suivants sont utilis\u00e9s sur notre site:<\/p>\n\n\n\n<table class=\"wp-block-table\"><thead><tr><th>Nom<\/th><th>Description \/ Fonction<\/th><th>Dur\u00e9e<\/th><\/tr><\/thead><\/table>\n\n\n\n<p>Vous pouvez \u00e0 tout moment vous opposer \u00e0 l\u2019utilisation de ces cookies marketing, de mani\u00e8re individuelle et de fa\u00e7on permanente en modifiant les&nbsp;<a href=\"https:\/\/www.lacourdesgrands29.fr\/j\/cookies\/settings\">param\u00e8tres de vos cookies<\/a>.<\/p>\n\n\n\n<p>Aux vues des utilisations d\u00e9crites ci-dessus, le traitement des donn\u00e9es \u00e0 caract\u00e8re personnel recueillies par des cookies se base sur les directives d\u00e9finies \u00e0 l&rsquo;article 6, paragraphe 1, point f), du RGPD. Lorsque l&rsquo;utilisateur\/visiteur Jimdo accepte que soient utilis\u00e9s les cookies recueillis apr\u00e8s en avoir \u00e9t\u00e9 inform\u00e9 par nous (ou Facebook) sur nos sites web (banni\u00e8re d\u2019informations sur les cookies), la l\u00e9galit\u00e9 de l\u2019utilisation faite de ces cookies est fond\u00e9e sur l\u2019article 6 (1) (a) du PIBR..<\/p>\n\n\n\n<h2 class=\"wp-block-heading\" id=\"d\u00e9sactivation-et-suppression-de-tous-les-cookies\">D\u00e9sactivation et suppression de tous les cookies<\/h2>\n\n\n\n<p>Il est possible de configurer votre navigateur pour emp\u00eacher l\u2019utilisation et stockage de cookies sur votre dispositif et\/ou que l&rsquo;on vous demande \u00e0 chaque visite d\u2019un site d\u2019activer les cookies. Vous pouvez \u00e9galement, \u00e0 tout moment, supprimer les cookies qui ont \u00e9t\u00e9 r\u00e9activ\u00e9s. Consultez la rubrique d\u2019aide de votre navigateur pour savoir comment faire.<\/p>\n\n\n\n<p>Veuillez noter que la d\u00e9sactivation globale des cookies peut entra\u00eener des dysfonctionnements sur notre site.<\/p>\n","protected":false},"excerpt":{"rendered":"<p>Politiques des cookies Par la pr\u00e9sente politique des cookies, l\u2019op\u00e9rateur du site informe les visiteurs du site de l&rsquo;utilisation faite des cookies ou des technologies de stockage similaires (ci-apr\u00e8s \u00ab\u00a0cookies\u00a0\u00bb) mises en place sur ce site (ci-apr\u00e8s \u00ab\u00a0site web\u00a0\u00bb). Que sont les cookies? Les cookies sont des petits fichiers texte qui sont stock\u00e9s par votre [&hellip;]<\/p>\n","protected":false},"author":1,"featured_media":0,"parent":0,"menu_order":0,"comment_status":"closed","ping_status":"closed","template":"","meta":{"_et_pb_use_builder":"","_et_pb_old_content":"","_et_gb_content_width":"","footnotes":""},"class_list":["post-150","page","type-page","status-publish","hentry"],"_links":{"self":[{"href":"https:\/\/lacourdesgrands29.fr\/index.php?rest_route=\/wp\/v2\/pages\/150","targetHints":{"allow":["GET"]}}],"collection":[{"href":"https:\/\/lacourdesgrands29.fr\/index.php?rest_route=\/wp\/v2\/pages"}],"about":[{"href":"https:\/\/lacourdesgrands29.fr\/index.php?rest_route=\/wp\/v2\/types\/page"}],"author":[{"embeddable":true,"href":"https:\/\/lacourdesgrands29.fr\/index.php?rest_route=\/wp\/v2\/users\/1"}],"replies":[{"embeddable":true,"href":"https:\/\/lacourdesgrands29.fr\/index.php?rest_route=%2Fwp%2Fv2%2Fcomments&post=150"}],"version-history":[{"count":1,"href":"https:\/\/lacourdesgrands29.fr\/index.php?rest_route=\/wp\/v2\/pages\/150\/revisions"}],"predecessor-version":[{"id":151,"href":"https:\/\/lacourdesgrands29.fr\/index.php?rest_route=\/wp\/v2\/pages\/150\/revisions\/151"}],"wp:attachment":[{"href":"https:\/\/lacourdesgrands29.fr\/index.php?rest_route=%2Fwp%2Fv2%2Fmedia&parent=150"}],"curies":[{"name":"wp","href":"https:\/\/api.w.org\/{rel}","templated":true}]}}